{"id":63,"date":"2026-03-20T04:36:56","date_gmt":"2026-03-20T04:36:56","guid":{"rendered":"https:\/\/reparermoncabanon.com\/?page_id=63"},"modified":"2026-03-20T15:44:16","modified_gmt":"2026-03-20T15:44:16","slug":"accueil","status":"publish","type":"page","link":"https:\/\/reparermoncabanon.com\/index.php\/accueil\/","title":{"rendered":"Accueil"},"content":{"rendered":"\t\t<div data-elementor-type=\"wp-page\" data-elementor-id=\"63\" class=\"elementor elementor-63\">\n\t\t\t\t<div class=\"elementor-element elementor-element-8985d37 e-con-full e-flex e-con e-parent\" data-id=\"8985d37\" data-element_type=\"container\" data-e-type=\"container\" data-settings=\"{&quot;background_background&quot;:&quot;classic&quot;}\">\n\t\t\t\t<div class=\"elementor-element elementor-element-92cc66f elementor-widget__width-initial elementor-widget elementor-widget-heading\" data-id=\"92cc66f\" data-element_type=\"widget\" data-e-type=\"widget\" data-widget_type=\"heading.default\">\n\t\t\t\t\t<h2 class=\"elementor-heading-title elementor-size-default\">R\u00c9PARATION DE CABANONS \u00c0 LAVAL &amp; RIVE-NORD<\/h2>\t\t\t\t<\/div>\n\t\t\t\t<div class=\"elementor-element elementor-element-ddd8cfc elementor-widget elementor-widget-text-editor\" data-id=\"ddd8cfc\" data-element_type=\"widget\" data-e-type=\"widget\" data-widget_type=\"text-editor.default\">\n\t\t\t\t\t\t\t\t\t<p>Rev\u00eatement, fondation et toiture \u2014 solutions rapides et abordables.<\/p>\t\t\t\t\t\t\t\t<\/div>\n\t\t\t\t<div class=\"elementor-element elementor-element-af6224c elementor-widget elementor-widget-button\" data-id=\"af6224c\" data-element_type=\"widget\" data-e-type=\"widget\" data-widget_type=\"button.default\">\n\t\t\t\t\t\t\t\t\t\t<a class=\"elementor-button elementor-button-link elementor-size-sm\" href=\"#\">\n\t\t\t\t\t\t<span class=\"elementor-button-content-wrapper\">\n\t\t\t\t\t\t\t\t\t<span class=\"elementor-button-text\">Soumssions gratuite<\/span>\n\t\t\t\t\t<\/span>\n\t\t\t\t\t<\/a>\n\t\t\t\t\t\t\t\t<\/div>\n\t\t\t\t<\/div>\n\t\t<div class=\"elementor-element elementor-element-f6218eb e-con-full e-flex e-con e-parent\" data-id=\"f6218eb\" data-element_type=\"container\" data-e-type=\"container\">\n\t\t\t\t<div class=\"elementor-element elementor-element-77d81be elementor-widget elementor-widget-heading\" data-id=\"77d81be\" data-element_type=\"widget\" data-e-type=\"widget\" data-widget_type=\"heading.default\">\n\t\t\t\t\t<h2 class=\"elementor-heading-title elementor-size-default\">Nos services<\/h2>\t\t\t\t<\/div>\n\t\t\t\t<\/div>\n\t\t<div class=\"elementor-element elementor-element-48242bc e-con-full e-flex e-con e-parent\" data-id=\"48242bc\" data-element_type=\"container\" data-e-type=\"container\">\n\t\t<div class=\"elementor-element elementor-element-b50634c e-con-full e-flex e-con e-child\" data-id=\"b50634c\" data-element_type=\"container\" data-e-type=\"container\" data-settings=\"{&quot;background_background&quot;:&quot;classic&quot;}\">\n\t\t\t\t<div class=\"elementor-element elementor-element-05aa860 elementor-widget elementor-widget-heading\" data-id=\"05aa860\" data-element_type=\"widget\" data-e-type=\"widget\" data-widget_type=\"heading.default\">\n\t\t\t\t\t<h2 class=\"elementor-heading-title elementor-size-default\">Fondation<\/h2>\t\t\t\t<\/div>\n\t\t\t\t<div class=\"elementor-element elementor-element-9599aef elementor-widget elementor-widget-image\" data-id=\"9599aef\" data-element_type=\"widget\" data-e-type=\"widget\" data-widget_type=\"image.default\">\n\t\t\t\t\t\t\t\t\t\t\t\t\t\t\t<img fetchpriority=\"high\" decoding=\"async\" width=\"1000\" height=\"1000\" src=\"https:\/\/reparermoncabanon.com\/wp-content\/uploads\/2026\/03\/3.png\" class=\"attachment-large size-large wp-image-77\" alt=\"\" srcset=\"https:\/\/reparermoncabanon.com\/wp-content\/uploads\/2026\/03\/3.png 1000w, https:\/\/reparermoncabanon.com\/wp-content\/uploads\/2026\/03\/3-300x300.png 300w, https:\/\/reparermoncabanon.com\/wp-content\/uploads\/2026\/03\/3-150x150.png 150w, https:\/\/reparermoncabanon.com\/wp-content\/uploads\/2026\/03\/3-768x768.png 768w\" sizes=\"(max-width: 1000px) 100vw, 1000px\" \/>\t\t\t\t\t\t\t\t\t\t\t\t\t\t\t<\/div>\n\t\t\t\t<div class=\"elementor-element elementor-element-5b14145 elementor-widget elementor-widget-text-editor\" data-id=\"5b14145\" data-element_type=\"widget\" data-e-type=\"widget\" data-widget_type=\"text-editor.default\">\n\t\t\t\t\t\t\t\t\t<p>Stabilisation et renforcement pour une base solide et durable.<\/p>\t\t\t\t\t\t\t\t<\/div>\n\t\t\t\t<\/div>\n\t\t<div class=\"elementor-element elementor-element-06a5c67 e-con-full e-flex e-con e-child\" data-id=\"06a5c67\" data-element_type=\"container\" data-e-type=\"container\" data-settings=\"{&quot;background_background&quot;:&quot;classic&quot;}\">\n\t\t\t\t<div class=\"elementor-element elementor-element-14496bf elementor-widget elementor-widget-heading\" data-id=\"14496bf\" data-element_type=\"widget\" data-e-type=\"widget\" data-widget_type=\"heading.default\">\n\t\t\t\t\t<h2 class=\"elementor-heading-title elementor-size-default\">Rev\u00eatement<\/h2>\t\t\t\t<\/div>\n\t\t\t\t<div class=\"elementor-element elementor-element-28a684f elementor-widget elementor-widget-image\" data-id=\"28a684f\" data-element_type=\"widget\" data-e-type=\"widget\" data-widget_type=\"image.default\">\n\t\t\t\t\t\t\t\t\t\t\t\t\t\t\t<img decoding=\"async\" width=\"1000\" height=\"1000\" src=\"https:\/\/reparermoncabanon.com\/wp-content\/uploads\/2026\/03\/Creation-sans-titre-11.png\" class=\"attachment-large size-large wp-image-83\" alt=\"\" srcset=\"https:\/\/reparermoncabanon.com\/wp-content\/uploads\/2026\/03\/Creation-sans-titre-11.png 1000w, https:\/\/reparermoncabanon.com\/wp-content\/uploads\/2026\/03\/Creation-sans-titre-11-300x300.png 300w, https:\/\/reparermoncabanon.com\/wp-content\/uploads\/2026\/03\/Creation-sans-titre-11-150x150.png 150w, https:\/\/reparermoncabanon.com\/wp-content\/uploads\/2026\/03\/Creation-sans-titre-11-768x768.png 768w\" sizes=\"(max-width: 1000px) 100vw, 1000px\" \/>\t\t\t\t\t\t\t\t\t\t\t\t\t\t\t<\/div>\n\t\t\t\t<div class=\"elementor-element elementor-element-0580c9c elementor-widget elementor-widget-text-editor\" data-id=\"0580c9c\" data-element_type=\"widget\" data-e-type=\"widget\" data-widget_type=\"text-editor.default\">\n\t\t\t\t\t\t\t\t\t<p>Remplacement du rev\u00eatement ext\u00e9rieur pour prot\u00e9ger ton cabanon.<\/p>\t\t\t\t\t\t\t\t<\/div>\n\t\t\t\t<\/div>\n\t\t<div class=\"elementor-element elementor-element-387d2e4 e-con-full e-flex e-con e-child\" data-id=\"387d2e4\" data-element_type=\"container\" data-e-type=\"container\" data-settings=\"{&quot;background_background&quot;:&quot;classic&quot;}\">\n\t\t\t\t<div class=\"elementor-element elementor-element-d9db62b elementor-widget elementor-widget-heading\" data-id=\"d9db62b\" data-element_type=\"widget\" data-e-type=\"widget\" data-widget_type=\"heading.default\">\n\t\t\t\t\t<h2 class=\"elementor-heading-title elementor-size-default\">Toiture<\/h2>\t\t\t\t<\/div>\n\t\t\t\t<div class=\"elementor-element elementor-element-35b0b68 elementor-widget elementor-widget-image\" data-id=\"35b0b68\" data-element_type=\"widget\" data-e-type=\"widget\" data-widget_type=\"image.default\">\n\t\t\t\t\t\t\t\t\t\t\t\t\t\t\t<img decoding=\"async\" width=\"1000\" height=\"1000\" src=\"https:\/\/reparermoncabanon.com\/wp-content\/uploads\/2026\/03\/5.png\" class=\"attachment-large size-large wp-image-79\" alt=\"\" srcset=\"https:\/\/reparermoncabanon.com\/wp-content\/uploads\/2026\/03\/5.png 1000w, https:\/\/reparermoncabanon.com\/wp-content\/uploads\/2026\/03\/5-300x300.png 300w, https:\/\/reparermoncabanon.com\/wp-content\/uploads\/2026\/03\/5-150x150.png 150w, https:\/\/reparermoncabanon.com\/wp-content\/uploads\/2026\/03\/5-768x768.png 768w\" sizes=\"(max-width: 1000px) 100vw, 1000px\" \/>\t\t\t\t\t\t\t\t\t\t\t\t\t\t\t<\/div>\n\t\t\t\t<div class=\"elementor-element elementor-element-93f54ac elementor-widget elementor-widget-text-editor\" data-id=\"93f54ac\" data-element_type=\"widget\" data-e-type=\"widget\" data-widget_type=\"text-editor.default\">\n\t\t\t\t\t\t\t\t\t<p>R\u00e9paration des fuites et protection contre les intemp\u00e9ries.<\/p>\t\t\t\t\t\t\t\t<\/div>\n\t\t\t\t<\/div>\n\t\t\t\t<\/div>\n\t\t\t\t<\/div>\n\t\t","protected":false},"excerpt":{"rendered":"<p>R\u00c9PARATION DE CABANONS \u00c0 LAVAL &amp; RIVE-NORD Rev\u00eatement, fondation et toiture \u2014 solutions rapides et abordables. Soumssions gratuite Nos services [&hellip;]<\/p>\n","protected":false},"author":1,"featured_media":0,"parent":0,"menu_order":0,"comment_status":"closed","ping_status":"closed","template":"","meta":{"site-sidebar-layout":"no-sidebar","site-content-layout":"","ast-site-content-layout":"full-width-container","site-content-style":"default","site-sidebar-style":"default","ast-global-header-display":"","ast-banner-title-visibility":"","ast-main-header-display":"","ast-hfb-above-header-display":"","ast-hfb-below-header-display":"","ast-hfb-mobile-header-display":"","site-post-title":"disabled","ast-breadcrumbs-content":"","ast-featured-img":"disabled","footer-sml-layout":"","ast-disable-related-posts":"","theme-transparent-header-meta":"","adv-header-id-meta":"","stick-header-meta":"","header-above-stick-meta":"","header-main-stick-meta":"","header-below-stick-meta":"","astra-migrate-meta-layouts":"default","ast-page-background-enabled":"default","ast-page-background-meta":{"desktop":{"background-color":"var(--ast-global-color-5)","background-image":"","background-repeat":"repeat","background-position":"center center","background-size":"auto","background-attachment":"scroll","background-type":"","background-media":"","overlay-type":"","overlay-color":"","overlay-opacity":"","overlay-gradient":""},"tablet":{"background-color":"","background-image":"","background-repeat":"repeat","background-position":"center center","background-size":"auto","background-attachment":"scroll","background-type":"","background-media":"","overlay-type":"","overlay-color":"","overlay-opacity":"","overlay-gradient":""},"mobile":{"background-color":"","background-image":"","background-repeat":"repeat","background-position":"center center","background-size":"auto","background-attachment":"scroll","background-type":"","background-media":"","overlay-type":"","overlay-color":"","overlay-opacity":"","overlay-gradient":""}},"ast-content-background-meta":{"desktop":{"background-color":"var(--ast-global-color-4)","background-image":"","background-repeat":"repeat","background-position":"center center","background-size":"auto","background-attachment":"scroll","background-type":"","background-media":"","overlay-type":"","overlay-color":"","overlay-opacity":"","overlay-gradient":""},"tablet":{"background-color":"var(--ast-global-color-4)","background-image":"","background-repeat":"repeat","background-position":"center center","background-size":"auto","background-attachment":"scroll","background-type":"","background-media":"","overlay-type":"","overlay-color":"","overlay-opacity":"","overlay-gradient":""},"mobile":{"background-color":"var(--ast-global-color-4)","background-image":"","background-repeat":"repeat","background-position":"center center","background-size":"auto","background-attachment":"scroll","background-type":"","background-media":"","overlay-type":"","overlay-color":"","overlay-opacity":"","overlay-gradient":""}},"footnotes":""},"class_list":["post-63","page","type-page","status-publish","hentry"],"_links":{"self":[{"href":"https:\/\/reparermoncabanon.com\/index.php\/wp-json\/wp\/v2\/pages\/63","targetHints":{"allow":["GET"]}}],"collection":[{"href":"https:\/\/reparermoncabanon.com\/index.php\/wp-json\/wp\/v2\/pages"}],"about":[{"href":"https:\/\/reparermoncabanon.com\/index.php\/wp-json\/wp\/v2\/types\/page"}],"author":[{"embeddable":true,"href":"https:\/\/reparermoncabanon.com\/index.php\/wp-json\/wp\/v2\/users\/1"}],"replies":[{"embeddable":true,"href":"https:\/\/reparermoncabanon.com\/index.php\/wp-json\/wp\/v2\/comments?post=63"}],"version-history":[{"count":10,"href":"https:\/\/reparermoncabanon.com\/index.php\/wp-json\/wp\/v2\/pages\/63\/revisions"}],"predecessor-version":[{"id":86,"href":"https:\/\/reparermoncabanon.com\/index.php\/wp-json\/wp\/v2\/pages\/63\/revisions\/86"}],"wp:attachment":[{"href":"https:\/\/reparermoncabanon.com\/index.php\/wp-json\/wp\/v2\/media?parent=63"}],"curies":[{"name":"wp","href":"https:\/\/api.w.org\/{rel}","templated":true}]}}